{"id":25,"date":"2013-10-11T08:50:01","date_gmt":"2013-10-11T06:50:01","guid":{"rendered":"https:\/\/noszczak.com\/blog\/?page_id=25"},"modified":"2020-11-29T08:24:08","modified_gmt":"2020-11-29T07:24:08","slug":"o-mnie","status":"publish","type":"page","link":"https:\/\/noszczak.com\/?page_id=25","title":{"rendered":"O mnie"},"content":{"rendered":"\n<p class=\"wp-block-paragraph\">Dzi\u0119kuj\u0119 za zainteresowanie. Moim hobby od wielu lat s\u0105 podr\u00f3\u017ce, a od \u0142adnych kilku lat podr\u00f3\u017ce motocyklowe. Na motocyklu je\u017cd\u017c\u0119 dziesi\u0105tki lat (od 1988 roku). Im d\u0142u\u017cej je\u017cd\u017c\u0119, tym bardziej dojrzewam do podr\u00f3\u017cy samotnych, w pojedynk\u0119. By\u0142em na wielu wyprawach motocyklowych w grupie, lecz doszed\u0142em (dojecha\u0142em) do wniosku, \u017ce samotna jazda, pomimo pozornie mniejszego bezpiecze\u0144stwa, daje poczucie prawdziwej przygody. Ludzie inaczej odbieraj\u0105 samotnego podr\u00f3\u017cnika (nie tylko na motocyklu), s\u0105 dla niego bardziej otwarci. \u0141atwiej nawi\u0105za\u0107 kontakt z pojedyncz\u0105 osob\u0105 ni\u017c z grup\u0105. Tak\u017ce samotny je\u017adziec inaczej postrzega otoczenie, jest bardziej wyczulony na to, co go otacza. Nie tylko chodzi o drog\u0119, ale o te wszystkie rzeczy, kt\u00f3re s\u0105 niewidoczne, gdy jedziemy w grupie, w kolumnie.<\/p>\n","protected":false},"excerpt":{"rendered":"<p>Dzi\u0119kuj\u0119 za zainteresowanie. Moim hobby od wielu lat s\u0105 podr\u00f3\u017ce, a od \u0142adnych kilku lat podr\u00f3\u017ce motocyklowe. Na motocyklu je\u017cd\u017c\u0119 dziesi\u0105tki lat (od 1988 roku). Im d\u0142u\u017cej je\u017cd\u017c\u0119, tym bardziej dojrzewam do podr\u00f3\u017cy samotnych, w pojedynk\u0119. By\u0142em na wielu wyprawach motocyklowych w grupie, lecz doszed\u0142em (dojecha\u0142em) do wniosku, \u017ce samotna jazda, pomimo pozornie mniejszego bezpiecze\u0144stwa, &hellip; <a href=\"https:\/\/noszczak.com\/?page_id=25\" class=\"more-link\">Czytaj dalej <span class=\"screen-reader-text\">O mnie<\/span> <span class=\"meta-nav\">&rarr;<\/span><\/a><\/p>\n","protected":false},"author":1,"featured_media":0,"parent":0,"menu_order":0,"comment_status":"closed","ping_status":"closed","template":"","meta":{"_crdt_document":"","jetpack_post_was_ever_published":false,"footnotes":""},"class_list":["post-25","page","type-page","status-publish","hentry"],"jetpack_sharing_enabled":true,"jetpack_shortlink":"https:\/\/wp.me\/PaBe65-p","_links":{"self":[{"href":"https:\/\/noszczak.com\/index.php?rest_route=\/wp\/v2\/pages\/25","targetHints":{"allow":["GET"]}}],"collection":[{"href":"https:\/\/noszczak.com\/index.php?rest_route=\/wp\/v2\/pages"}],"about":[{"href":"https:\/\/noszczak.com\/index.php?rest_route=\/wp\/v2\/types\/page"}],"author":[{"embeddable":true,"href":"https:\/\/noszczak.com\/index.php?rest_route=\/wp\/v2\/users\/1"}],"replies":[{"embeddable":true,"href":"https:\/\/noszczak.com\/index.php?rest_route=%2Fwp%2Fv2%2Fcomments&post=25"}],"version-history":[{"count":5,"href":"https:\/\/noszczak.com\/index.php?rest_route=\/wp\/v2\/pages\/25\/revisions"}],"predecessor-version":[{"id":8985,"href":"https:\/\/noszczak.com\/index.php?rest_route=\/wp\/v2\/pages\/25\/revisions\/8985"}],"wp:attachment":[{"href":"https:\/\/noszczak.com\/index.php?rest_route=%2Fwp%2Fv2%2Fmedia&parent=25"}],"curies":[{"name":"wp","href":"https:\/\/api.w.org\/{rel}","templated":true}]}}